{"id":721,"date":"2022-01-28T10:26:23","date_gmt":"2022-01-28T10:26:23","guid":{"rendered":"https:\/\/startersites.io\/elementor\/justice\/?page_id=3"},"modified":"2026-05-07T11:03:20","modified_gmt":"2026-05-07T16:03:20","slug":"privacy-policy","status":"publish","type":"page","link":"https:\/\/abogados-houston.com\/es\/privacy-policy\/","title":{"rendered":"Pol\u00edtica de Privacidad"},"content":{"rendered":"<div data-elementor-type=\"wp-page\" data-elementor-id=\"721\" class=\"elementor elementor-721\">\n\t\t\t\t<div class=\"elementor-element elementor-element-506b6508 e-flex e-con-boxed e-con e-parent\" data-id=\"506b6508\" data-element_type=\"container\" data-e-type=\"container\" data-settings=\"{&quot;background_background&quot;:&quot;classic&quot;}\">\n\t\t\t\t\t<div class=\"e-con-inner\">\n\t\t\t\t<div class=\"elementor-element elementor-element-94971ed elementor-widget elementor-widget-heading\" data-id=\"94971ed\" data-element_type=\"widget\" data-e-type=\"widget\" data-widget_type=\"heading.default\">\n\t\t\t\t\t<h2 class=\"elementor-heading-title elementor-size-default\">Pol\u00edtica de Privacidad<\/h2>\t\t\t\t<\/div>\n\t\t\t\t<div class=\"elementor-element elementor-element-3d6b6680 elementor-widget elementor-widget-text-editor\" data-id=\"3d6b6680\" data-element_type=\"widget\" data-e-type=\"widget\" data-widget_type=\"text-editor.default\">\n\t\t\t\t\t\t\t\t\t<p class=\"isSelectedEnd\"><strong>Quienes somos<\/strong><br>La direcci\u00f3n de nuestro sitio web es: <a href=\"https:\/\/abogados-houston.com\/es\/\">https:\/\/abogados-houston.com\/<\/a>.<\/p>\n<p class=\"isSelectedEnd\"><strong>Informaci\u00f3n que recopilamos<\/strong><br>No permitimos que los usuarios creen cuentas, publiquen comentarios ni env\u00eden informaci\u00f3n personal directamente a trav\u00e9s de este sitio web.<\/p>\n<p class=\"isSelectedEnd\">Sin embargo, podemos recopilar autom\u00e1ticamente ciertos datos t\u00e9cnicos limitados, tales como:<\/p>\n<ul data-spread=\"false\">\n<li>Direcci\u00f3n IP<\/li>\n<li>Tipo de navegador<\/li>\n<li>P\u00e1ginas visitadas<\/li>\n<\/ul>\n<p class=\"isSelectedEnd\">Esta informaci\u00f3n se recopila mediante registros est\u00e1ndar del servidor y\/o herramientas de an\u00e1lisis para ayudarnos a comprender c\u00f3mo los visitantes utilizan el sitio web.<\/p>\n<p class=\"isSelectedEnd\"><strong>Cookies<\/strong><br>Este sitio web puede utilizar cookies para mejorar la experiencia del usuario y analizar el tr\u00e1fico. Usted puede desactivar las cookies a trav\u00e9s de la configuraci\u00f3n de su navegador.<\/p>\n<p class=\"isSelectedEnd\"><strong>Servicios de terceros<\/strong><br>Podemos utilizar servicios de terceros como:<\/p>\n<ul data-spread=\"false\">\n<li>Google Analytics (para an\u00e1lisis de tr\u00e1fico)<\/li>\n<li>Contenido incluido (por ejemplo, mapas y videos)<\/li>\n<\/ul>\n<p class=\"isSelectedEnd\">Estos servicios pueden recopilar datos de acuerdo con sus propias pol\u00edticas de privacidad.<\/p>\n<p class=\"isSelectedEnd\"><strong>Enlaces externos<\/strong><br>Este sitio web contiene enlaces a sitios web de terceros (por ejemplo, sitios web de abogados). No somos responsables de las pr\u00e1cticas de privacidad de dichos sitios web externos.<\/p>\n<p class=\"isSelectedEnd\"><strong>Compartici\u00f3n de datos<\/strong><br>No vendemos, compartimos ni comercializamos datos personales con terceros.<\/p>\n<p class=\"isSelectedEnd\"><strong>Sus derechos<\/strong><br>Dependiendo de su ubicaci\u00f3n, usted puede tener derechos conforme a las leyes de protecci\u00f3n de datos (como el GDPR), incluyendo el derecho a solicitar acceso o eliminaci\u00f3n de sus datos personales.<\/p>\n<p><strong>Contacto<\/strong><br>Si tiene alguna pregunta sobre esta Pol\u00edtica de Privacidad, puede contactarnos en:&nbsp;<a href=\"mailto:agendaxabs@gmail.com\" style=\"font-family: inherit; font-size: inherit; font-style: inherit; font-variant-ligatures: inherit; font-variant-caps: inherit; font-weight: inherit;\">agendaxabs@gmail.com<\/a><span style=\"font-family: inherit; font-size: inherit; font-style: inherit; font-variant-ligatures: inherit; font-variant-caps: inherit; font-weight: inherit;\">.<\/span><\/p>\n<p><!-- \/wp:paragraph --><!-- wp:paragraph --><\/p>\n<p><!-- \/wp:paragraph --><\/p>\t\t\t\t\t\t\t\t<\/div>\n\t\t\t\t\t<\/div>\n\t\t\t\t<\/div>\n\t\t\t\t<\/div>","protected":false},"excerpt":{"rendered":"<p>Privacy Policy Who we areOur website address is: https:\/\/abogados-houston.com\/. Information we collectWe do not allow users to create accounts, leave comments, or submit personal information directly on this website. However, we may automatically collect limited technical data such as: IP address Browser type Pages visited This information is collected through standard server logs and\/or analytics [&hellip;]<\/p>\n","protected":false},"author":1,"featured_media":0,"parent":0,"menu_order":0,"comment_status":"closed","ping_status":"open","template":"elementor_header_footer","meta":{"footnotes":""},"class_list":["post-721","page","type-page","status-publish","hentry"],"blocksy_meta":[],"yoast_head":"<!-- This site is optimized with the Yoast SEO plugin v27.6 - https:\/\/yoast.com\/product\/yoast-seo-wordpress\/ -->\n<title>Privacy Policy - Abogados en Houston en Espa\u00f1ol<\/title>\n<meta name=\"robots\" content=\"index, follow, max-snippet:-1, max-image-preview:large, max-video-preview:-1\" \/>\n<link rel=\"canonical\" href=\"https:\/\/abogados-houston.com\/es\/privacy-policy\/\" \/>\n<meta property=\"og:locale\" content=\"es_MX\" \/>\n<meta property=\"og:type\" content=\"article\" \/>\n<meta property=\"og:title\" content=\"Privacy Policy - Abogados en Houston en Espa\u00f1ol\" \/>\n<meta property=\"og:description\" content=\"Privacy Policy Who we areOur website address is: https:\/\/abogados-houston.com\/. Information we collectWe do not allow users to create accounts, leave comments, or submit personal information directly on this website. However, we may automatically collect limited technical data such as: IP address Browser type Pages visited This information is collected through standard server logs and\/or analytics [&hellip;]\" \/>\n<meta property=\"og:url\" content=\"https:\/\/abogados-houston.com\/es\/privacy-policy\/\" \/>\n<meta property=\"og:site_name\" content=\"Abogados en Houston en Espa\u00f1ol\" \/>\n<meta property=\"article:modified_time\" content=\"2026-05-07T16:03:20+00:00\" \/>\n<meta name=\"twitter:card\" content=\"summary_large_image\" \/>\n<meta name=\"twitter:label1\" content=\"Tiempo de lectura\" \/>\n\t<meta name=\"twitter:data1\" content=\"1 minuto\" \/>\n<script type=\"application\/ld+json\" class=\"yoast-schema-graph\">{\"@context\":\"https:\\\/\\\/schema.org\",\"@graph\":[{\"@type\":\"WebPage\",\"@id\":\"https:\\\/\\\/abogados-houston.com\\\/privacy-policy\\\/\",\"url\":\"https:\\\/\\\/abogados-houston.com\\\/privacy-policy\\\/\",\"name\":\"Privacy Policy - Abogados en Houston en Espa\u00f1ol\",\"isPartOf\":{\"@id\":\"https:\\\/\\\/abogados-houston.com\\\/#website\"},\"datePublished\":\"2022-01-28T10:26:23+00:00\",\"dateModified\":\"2026-05-07T16:03:20+00:00\",\"breadcrumb\":{\"@id\":\"https:\\\/\\\/abogados-houston.com\\\/privacy-policy\\\/#breadcrumb\"},\"inLanguage\":\"es\",\"potentialAction\":[{\"@type\":\"ReadAction\",\"target\":[\"https:\\\/\\\/abogados-houston.com\\\/privacy-policy\\\/\"]}]},{\"@type\":\"BreadcrumbList\",\"@id\":\"https:\\\/\\\/abogados-houston.com\\\/privacy-policy\\\/#breadcrumb\",\"itemListElement\":[{\"@type\":\"ListItem\",\"position\":1,\"name\":\"Home\",\"item\":\"https:\\\/\\\/abogados-houston.com\\\/es\\\/\"},{\"@type\":\"ListItem\",\"position\":2,\"name\":\"Privacy Policy\"}]},{\"@type\":\"WebSite\",\"@id\":\"https:\\\/\\\/abogados-houston.com\\\/#website\",\"url\":\"https:\\\/\\\/abogados-houston.com\\\/\",\"name\":\"Abogados en Houston en Espa\u00f1ol\",\"description\":\"\",\"potentialAction\":[{\"@type\":\"SearchAction\",\"target\":{\"@type\":\"EntryPoint\",\"urlTemplate\":\"https:\\\/\\\/abogados-houston.com\\\/?s={search_term_string}\"},\"query-input\":{\"@type\":\"PropertyValueSpecification\",\"valueRequired\":true,\"valueName\":\"search_term_string\"}}],\"inLanguage\":\"es\"}]}<\/script>\n<!-- \/ Yoast SEO plugin. -->","yoast_head_json":{"title":"Privacy Policy - Abogados en Houston en Espa\u00f1ol","robots":{"index":"index","follow":"follow","max-snippet":"max-snippet:-1","max-image-preview":"max-image-preview:large","max-video-preview":"max-video-preview:-1"},"canonical":"https:\/\/abogados-houston.com\/es\/privacy-policy\/","og_locale":"es_MX","og_type":"article","og_title":"Privacy Policy - Abogados en Houston en Espa\u00f1ol","og_description":"Privacy Policy Who we areOur website address is: https:\/\/abogados-houston.com\/. Information we collectWe do not allow users to create accounts, leave comments, or submit personal information directly on this website. However, we may automatically collect limited technical data such as: IP address Browser type Pages visited This information is collected through standard server logs and\/or analytics [&hellip;]","og_url":"https:\/\/abogados-houston.com\/es\/privacy-policy\/","og_site_name":"Abogados en Houston en Espa\u00f1ol","article_modified_time":"2026-05-07T16:03:20+00:00","twitter_card":"summary_large_image","twitter_misc":{"Tiempo de lectura":"1 minuto"},"schema":{"@context":"https:\/\/schema.org","@graph":[{"@type":"WebPage","@id":"https:\/\/abogados-houston.com\/privacy-policy\/","url":"https:\/\/abogados-houston.com\/privacy-policy\/","name":"Privacy Policy - Abogados en Houston en Espa\u00f1ol","isPartOf":{"@id":"https:\/\/abogados-houston.com\/#website"},"datePublished":"2022-01-28T10:26:23+00:00","dateModified":"2026-05-07T16:03:20+00:00","breadcrumb":{"@id":"https:\/\/abogados-houston.com\/privacy-policy\/#breadcrumb"},"inLanguage":"es","potentialAction":[{"@type":"ReadAction","target":["https:\/\/abogados-houston.com\/privacy-policy\/"]}]},{"@type":"BreadcrumbList","@id":"https:\/\/abogados-houston.com\/privacy-policy\/#breadcrumb","itemListElement":[{"@type":"ListItem","position":1,"name":"Home","item":"https:\/\/abogados-houston.com\/es\/"},{"@type":"ListItem","position":2,"name":"Privacy Policy"}]},{"@type":"WebSite","@id":"https:\/\/abogados-houston.com\/#website","url":"https:\/\/abogados-houston.com\/","name":"Abogados en Houston en Espa\u00f1ol","description":"","potentialAction":[{"@type":"SearchAction","target":{"@type":"EntryPoint","urlTemplate":"https:\/\/abogados-houston.com\/?s={search_term_string}"},"query-input":{"@type":"PropertyValueSpecification","valueRequired":true,"valueName":"search_term_string"}}],"inLanguage":"es"}]}},"_hostinger_reach_plugin_has_subscription_block":false,"_hostinger_reach_plugin_is_elementor":false,"_links":{"self":[{"href":"https:\/\/abogados-houston.com\/es\/wp-json\/wp\/v2\/pages\/721","targetHints":{"allow":["GET"]}}],"collection":[{"href":"https:\/\/abogados-houston.com\/es\/wp-json\/wp\/v2\/pages"}],"about":[{"href":"https:\/\/abogados-houston.com\/es\/wp-json\/wp\/v2\/types\/page"}],"author":[{"embeddable":true,"href":"https:\/\/abogados-houston.com\/es\/wp-json\/wp\/v2\/users\/1"}],"replies":[{"embeddable":true,"href":"https:\/\/abogados-houston.com\/es\/wp-json\/wp\/v2\/comments?post=721"}],"version-history":[{"count":30,"href":"https:\/\/abogados-houston.com\/es\/wp-json\/wp\/v2\/pages\/721\/revisions"}],"predecessor-version":[{"id":2691,"href":"https:\/\/abogados-houston.com\/es\/wp-json\/wp\/v2\/pages\/721\/revisions\/2691"}],"wp:attachment":[{"href":"https:\/\/abogados-houston.com\/es\/wp-json\/wp\/v2\/media?parent=721"}],"curies":[{"name":"wp","href":"https:\/\/api.w.org\/{rel}","templated":true}]}}