{"id":2201,"date":"2022-03-18T15:56:23","date_gmt":"2022-03-18T20:56:23","guid":{"rendered":"https:\/\/abogados-houston.com\/?page_id=2201"},"modified":"2026-05-07T10:52:34","modified_gmt":"2026-05-07T15:52:34","slug":"disclaimer","status":"publish","type":"page","link":"https:\/\/abogados-houston.com\/es\/disclaimer\/","title":{"rendered":"Aviso Legal"},"content":{"rendered":"<div data-elementor-type=\"wp-page\" data-elementor-id=\"2201\" class=\"elementor elementor-2201\">\n\t\t\t\t<div class=\"elementor-element elementor-element-57d40f2 e-flex e-con-boxed e-con e-parent\" data-id=\"57d40f2\" data-element_type=\"container\" data-e-type=\"container\" data-settings=\"{&quot;background_background&quot;:&quot;classic&quot;}\">\n\t\t\t\t\t<div class=\"e-con-inner\">\n\t\t\t\t<div class=\"elementor-element elementor-element-af37f41 elementor-widget elementor-widget-heading\" data-id=\"af37f41\" data-element_type=\"widget\" data-e-type=\"widget\" data-widget_type=\"heading.default\">\n\t\t\t\t\t<h2 class=\"elementor-heading-title elementor-size-default\">Aviso Legal<\/h2>\t\t\t\t<\/div>\n\t\t\t\t<div class=\"elementor-element elementor-element-ba4c8f1 elementor-widget elementor-widget-text-editor\" data-id=\"ba4c8f1\" data-element_type=\"widget\" data-e-type=\"widget\" data-widget_type=\"text-editor.default\">\n\t\t\t\t\t\t\t\t\t<p>El contenido presentado en este sitio refleja opiniones personales, impresiones y puntos de vista subjetivos de sus autores, y se proporciona \u00fanicamente con fines informativos generales. Este contenido no constituye, ni debe interpretarse como, una lista, clasificaci\u00f3n, recomendaci\u00f3n, evaluaci\u00f3n o respaldo objetivo, completo o imparcial de abogados o firmas legales en el \u00e1rea de Houston.<\/p>\n<p>Nada de lo contenido en este sitio constituye asesor\u00eda legal, ni crea o implica una relaci\u00f3n abogado-cliente mediante la publicaci\u00f3n o el uso de este contenido. La informaci\u00f3n presentada puede estar incompleta, puede no reflejar los desarrollos legales m\u00e1s recientes y no debe utilizarse como sustituto de investigaci\u00f3n independiente o asesor\u00eda legal profesional.<\/p>\n<p>Aunque se han realizado esfuerzos razonables para garantizar la exactitud de la informaci\u00f3n, no se ofrece ninguna garant\u00eda o representaci\u00f3n, expresa o impl\u00edcita, respecto a la precisi\u00f3n, integridad, confiabilidad o idoneidad del contenido. En la m\u00e1xima medida permitida por la ley aplicable, los autores y editores rechazan cualquier responsabilidad por p\u00e9rdidas o da\u00f1os de cualquier tipo derivados del uso de este contenido o de la confianza depositada en \u00e9l.<\/p>\n<p>Se recomienda encarecidamente a los lectores realizar su propia investigaci\u00f3n y consultar con profesionales legales calificados antes de tomar decisiones o realizar acciones basadas en la informaci\u00f3n presentada en este sitio.<\/p>\t\t\t\t\t\t\t\t<\/div>\n\t\t\t\t\t<\/div>\n\t\t\t\t<\/div>\n\t\t\t\t<\/div>","protected":false},"excerpt":{"rendered":"<p>Disclaimer This content reflects the personal opinions, impressions, and subjective views of the authors and is provided for general informational purposes only. It does not constitute, and should not be construed as, an objective, comprehensive, or impartial listing, ranking, endorsement, or evaluation of any attorneys or law firms in the Houston area. Nothing contained herein [&hellip;]<\/p>\n","protected":false},"author":1,"featured_media":0,"parent":0,"menu_order":0,"comment_status":"closed","ping_status":"closed","template":"elementor_header_footer","meta":{"footnotes":""},"class_list":["post-2201","page","type-page","status-publish","hentry"],"blocksy_meta":{"page_title_panel":"","has_hero_section":"disabled","8373f36d8216cadee13a29bd660a3686":"","hero_section":"type-1","hero_elements":[{"id":"custom_title","enabled":true,"heading_tag":"h1","title":"Inicio"},{"id":"custom_description","enabled":true,"description_visibility":{"desktop":true,"tablet":true,"mobile":false}},{"id":"custom_meta","enabled":false,"meta_elements":[{"id":"author","enabled":true,"label":"By","has_author_avatar":"yes","avatar_size":25},{"id":"post_date","enabled":true,"label":"On","date_format_source":"default","date_format":"M j, Y"},{"id":"updated_date","enabled":false,"label":"On","date_format_source":"default","date_format":"M j, Y"},{"id":"categories","enabled":false,"label":"In","style":"simple"},{"id":"comments","enabled":true}],"page_meta_elements":{"joined":true,"articles_count":true,"comments":true}},{"id":"breadcrumbs","enabled":false}],"c45af6f82cbd1049ef79782f2078e0ca":"","hero_alignment1":"CT_CSS_SKIP_RULE","hero_margin":40,"hero_alignment2":"center","hero_vertical_alignment":"center","011d7ac99ba21a888a3932693566f7cb":"","hero_structure":"narrow","2293c45dcab12a2c84f37a129c165596":"","page_title_bg_type":"featured_image","custom_hero_background":{"attachment_id":null},"parallax":{"desktop":false,"tablet":false,"mobile":false},"e9da3485ee66c108f94bdc377480fe15":"","hero_height":"250px","pageTitleFont":{"family":"Default","variation":"Default","size":"30px","line-height":"CT_CSS_SKIP_RULE","letter-spacing":"CT_CSS_SKIP_RULE","text-transform":"CT_CSS_SKIP_RULE","text-decoration":"CT_CSS_SKIP_RULE"},"pageTitleFontColor":{"default":{"color":"CT_CSS_SKIP_RULEDEFAULT"}},"pageMetaFont":{"family":"Default","variation":"n6","size":"12px","line-height":"1.3","letter-spacing":"CT_CSS_SKIP_RULE","text-transform":"uppercase","text-decoration":"CT_CSS_SKIP_RULE"},"pageMetaFontColor":{"default":{"color":"CT_CSS_SKIP_RULEDEFAULT"},"hover":{"color":"CT_CSS_SKIP_RULEDEFAULT"}},"page_meta_button_type_font_colors":{"default":{"color":"CT_CSS_SKIP_RULEDEFAULT"},"hover":{"color":"CT_CSS_SKIP_RULEDEFAULT"}},"page_meta_button_type_background_colors":{"default":{"color":"CT_CSS_SKIP_RULEDEFAULT"},"hover":{"color":"CT_CSS_SKIP_RULEDEFAULT"}},"pageExcerptFont":{"family":"Default","variation":"Default","size":"CT_CSS_SKIP_RULE","line-height":"CT_CSS_SKIP_RULE","letter-spacing":"CT_CSS_SKIP_RULE","text-transform":"CT_CSS_SKIP_RULE","text-decoration":"CT_CSS_SKIP_RULE"},"pageExcerptColor":{"default":{"color":"CT_CSS_SKIP_RULEDEFAULT"}},"breadcrumbsFont":{"family":"Default","variation":"Default","size":"CT_CSS_SKIP_RULE","line-height":"CT_CSS_SKIP_RULE","letter-spacing":"CT_CSS_SKIP_RULE","text-transform":"CT_CSS_SKIP_RULE","text-decoration":"CT_CSS_SKIP_RULE"},"breadcrumbsFontColor":{"default":{"color":"CT_CSS_SKIP_RULEDEFAULT"},"initial":{"color":"CT_CSS_SKIP_RULEDEFAULT"},"hover":{"color":"CT_CSS_SKIP_RULEDEFAULT"}},"pageTitleOverlay":{"background_type":"color","background_pattern":"type-1","background_image":{"attachment_id":null,"x":0,"y":0},"gradient":"linear-gradient(135deg,rgba(6,147,227,1) 0%,rgb(155,81,224) 100%)","background_repeat":"repeat","background_size":"auto","background_attachment":"scroll","patternColor":{"default":{"color":"#e5e7ea"}},"overlayColor":{"default":{"color":"CT_CSS_SKIP_RULE"}},"backgroundColor":{"default":{"color":"CT_CSS_SKIP_RULE"}}},"pageTitleBackground":{"background_type":"color","background_pattern":"type-1","background_image":{"attachment_id":null,"x":0,"y":0},"gradient":"linear-gradient(135deg,rgba(6,147,227,1) 0%,rgb(155,81,224) 100%)","background_repeat":"repeat","background_size":"auto","background_attachment":"scroll","patternColor":{"default":{"color":"#e5e7ea"}},"overlayColor":{"default":{"color":"CT_CSS_SKIP_RULE"}},"backgroundColor":{"default":{"color":"var(--theme-palette-color-6)"}}},"pageTitlePadding":{"top":"50px","bottom":"50px","left":"auto","right":"auto","linked":true},"a615b828e421fcb439ad425ecf9ad5dc":"","page_structure_type":"default","b2d23b1b5765724aae7c01379876dad7":"","content_style_source":"inherit","content_style":"wide","vertical_spacing_source":"custom","content_area_spacing":"none","background":{"background_type":"color","background_pattern":"type-1","background_image":{"attachment_id":null,"x":0,"y":0},"gradient":"linear-gradient(135deg,rgba(6,147,227,1) 0%,rgb(155,81,224) 100%)","background_repeat":"repeat","background_size":"auto","background_attachment":"scroll","patternColor":{"default":{"color":"#e5e7ea"}},"overlayColor":{"default":{"color":"CT_CSS_SKIP_RULE"}},"backgroundColor":{"default":{"color":"CT_CSS_SKIP_RULE"}}},"content_background":{"background_type":"color","background_pattern":"type-1","background_image":{"attachment_id":null,"x":0,"y":0},"gradient":"linear-gradient(135deg,rgba(6,147,227,1) 0%,rgb(155,81,224) 100%)","background_repeat":"repeat","background_size":"auto","background_attachment":"scroll","patternColor":{"default":{"color":"#e5e7ea"}},"overlayColor":{"default":{"color":"CT_CSS_SKIP_RULE"}},"backgroundColor":{"default":{"color":"var(--theme-palette-color-8)"}}},"content_boxed_shadow":{"inherit":false,"blur":18,"spread":-6,"v_offset":12,"h_offset":0,"inset":false,"enable":true,"color":{"color":"rgba(34, 56, 101, 0.04)"}},"boxed_content_spacing":{"desktop":{"top":"40px","bottom":"40px","left":"40px","right":"40px","linked":true},"tablet":{"top":"35px","bottom":"35px","left":"35px","right":"35px","linked":true},"mobile":{"top":"20px","bottom":"20px","left":"20px","right":"20px","linked":true}},"content_boxed_radius":{"top":"3px","bottom":"3px","left":"3px","right":"3px","linked":true},"e469f25c44b287f403151867f6e9c3bb":"","disable_featured_image":"no","disable_share_box":"no","disable_header":"no","disable_footer":"no","styles_descriptor":{"styles":{"desktop":"","tablet":"","mobile":""},"google_fonts":[],"version":6}},"yoast_head":"<!-- This site is optimized with the Yoast SEO plugin v27.6 - https:\/\/yoast.com\/product\/yoast-seo-wordpress\/ -->\n<title>Disclaimer - Abogados en Houston en Espa\u00f1ol<\/title>\n<meta name=\"robots\" content=\"index, follow, max-snippet:-1, max-image-preview:large, max-video-preview:-1\" \/>\n<link rel=\"canonical\" href=\"https:\/\/abogados-houston.com\/es\/disclaimer\/\" \/>\n<meta property=\"og:locale\" content=\"es_MX\" \/>\n<meta property=\"og:type\" content=\"article\" \/>\n<meta property=\"og:title\" content=\"Disclaimer - Abogados en Houston en Espa\u00f1ol\" \/>\n<meta property=\"og:description\" content=\"Disclaimer This content reflects the personal opinions, impressions, and subjective views of the authors and is provided for general informational purposes only. It does not constitute, and should not be construed as, an objective, comprehensive, or impartial listing, ranking, endorsement, or evaluation of any attorneys or law firms in the Houston area. Nothing contained herein [&hellip;]\" \/>\n<meta property=\"og:url\" content=\"https:\/\/abogados-houston.com\/es\/disclaimer\/\" \/>\n<meta property=\"og:site_name\" content=\"Abogados en Houston en Espa\u00f1ol\" \/>\n<meta property=\"article:modified_time\" content=\"2026-05-07T15:52:34+00:00\" \/>\n<meta name=\"twitter:card\" content=\"summary_large_image\" \/>\n<meta name=\"twitter:label1\" content=\"Tiempo de lectura\" \/>\n\t<meta name=\"twitter:data1\" content=\"1 minuto\" \/>\n<script type=\"application\/ld+json\" class=\"yoast-schema-graph\">{\"@context\":\"https:\\\/\\\/schema.org\",\"@graph\":[{\"@type\":\"WebPage\",\"@id\":\"https:\\\/\\\/abogados-houston.com\\\/disclaimer\\\/\",\"url\":\"https:\\\/\\\/abogados-houston.com\\\/disclaimer\\\/\",\"name\":\"Disclaimer - Abogados en Houston en Espa\u00f1ol\",\"isPartOf\":{\"@id\":\"https:\\\/\\\/abogados-houston.com\\\/#website\"},\"datePublished\":\"2022-03-18T20:56:23+00:00\",\"dateModified\":\"2026-05-07T15:52:34+00:00\",\"breadcrumb\":{\"@id\":\"https:\\\/\\\/abogados-houston.com\\\/disclaimer\\\/#breadcrumb\"},\"inLanguage\":\"es\",\"potentialAction\":[{\"@type\":\"ReadAction\",\"target\":[\"https:\\\/\\\/abogados-houston.com\\\/disclaimer\\\/\"]}]},{\"@type\":\"BreadcrumbList\",\"@id\":\"https:\\\/\\\/abogados-houston.com\\\/disclaimer\\\/#breadcrumb\",\"itemListElement\":[{\"@type\":\"ListItem\",\"position\":1,\"name\":\"Home\",\"item\":\"https:\\\/\\\/abogados-houston.com\\\/es\\\/\"},{\"@type\":\"ListItem\",\"position\":2,\"name\":\"Disclaimer\"}]},{\"@type\":\"WebSite\",\"@id\":\"https:\\\/\\\/abogados-houston.com\\\/#website\",\"url\":\"https:\\\/\\\/abogados-houston.com\\\/\",\"name\":\"Abogados en Houston en Espa\u00f1ol\",\"description\":\"\",\"potentialAction\":[{\"@type\":\"SearchAction\",\"target\":{\"@type\":\"EntryPoint\",\"urlTemplate\":\"https:\\\/\\\/abogados-houston.com\\\/?s={search_term_string}\"},\"query-input\":{\"@type\":\"PropertyValueSpecification\",\"valueRequired\":true,\"valueName\":\"search_term_string\"}}],\"inLanguage\":\"es\"}]}<\/script>\n<!-- \/ Yoast SEO plugin. -->","yoast_head_json":{"title":"Disclaimer - Abogados en Houston en Espa\u00f1ol","robots":{"index":"index","follow":"follow","max-snippet":"max-snippet:-1","max-image-preview":"max-image-preview:large","max-video-preview":"max-video-preview:-1"},"canonical":"https:\/\/abogados-houston.com\/es\/disclaimer\/","og_locale":"es_MX","og_type":"article","og_title":"Disclaimer - Abogados en Houston en Espa\u00f1ol","og_description":"Disclaimer This content reflects the personal opinions, impressions, and subjective views of the authors and is provided for general informational purposes only. It does not constitute, and should not be construed as, an objective, comprehensive, or impartial listing, ranking, endorsement, or evaluation of any attorneys or law firms in the Houston area. Nothing contained herein [&hellip;]","og_url":"https:\/\/abogados-houston.com\/es\/disclaimer\/","og_site_name":"Abogados en Houston en Espa\u00f1ol","article_modified_time":"2026-05-07T15:52:34+00:00","twitter_card":"summary_large_image","twitter_misc":{"Tiempo de lectura":"1 minuto"},"schema":{"@context":"https:\/\/schema.org","@graph":[{"@type":"WebPage","@id":"https:\/\/abogados-houston.com\/disclaimer\/","url":"https:\/\/abogados-houston.com\/disclaimer\/","name":"Disclaimer - Abogados en Houston en Espa\u00f1ol","isPartOf":{"@id":"https:\/\/abogados-houston.com\/#website"},"datePublished":"2022-03-18T20:56:23+00:00","dateModified":"2026-05-07T15:52:34+00:00","breadcrumb":{"@id":"https:\/\/abogados-houston.com\/disclaimer\/#breadcrumb"},"inLanguage":"es","potentialAction":[{"@type":"ReadAction","target":["https:\/\/abogados-houston.com\/disclaimer\/"]}]},{"@type":"BreadcrumbList","@id":"https:\/\/abogados-houston.com\/disclaimer\/#breadcrumb","itemListElement":[{"@type":"ListItem","position":1,"name":"Home","item":"https:\/\/abogados-houston.com\/es\/"},{"@type":"ListItem","position":2,"name":"Disclaimer"}]},{"@type":"WebSite","@id":"https:\/\/abogados-houston.com\/#website","url":"https:\/\/abogados-houston.com\/","name":"Abogados en Houston en Espa\u00f1ol","description":"","potentialAction":[{"@type":"SearchAction","target":{"@type":"EntryPoint","urlTemplate":"https:\/\/abogados-houston.com\/?s={search_term_string}"},"query-input":{"@type":"PropertyValueSpecification","valueRequired":true,"valueName":"search_term_string"}}],"inLanguage":"es"}]}},"_hostinger_reach_plugin_has_subscription_block":false,"_hostinger_reach_plugin_is_elementor":false,"_links":{"self":[{"href":"https:\/\/abogados-houston.com\/es\/wp-json\/wp\/v2\/pages\/2201","targetHints":{"allow":["GET"]}}],"collection":[{"href":"https:\/\/abogados-houston.com\/es\/wp-json\/wp\/v2\/pages"}],"about":[{"href":"https:\/\/abogados-houston.com\/es\/wp-json\/wp\/v2\/types\/page"}],"author":[{"embeddable":true,"href":"https:\/\/abogados-houston.com\/es\/wp-json\/wp\/v2\/users\/1"}],"replies":[{"embeddable":true,"href":"https:\/\/abogados-houston.com\/es\/wp-json\/wp\/v2\/comments?post=2201"}],"version-history":[{"count":19,"href":"https:\/\/abogados-houston.com\/es\/wp-json\/wp\/v2\/pages\/2201\/revisions"}],"predecessor-version":[{"id":2634,"href":"https:\/\/abogados-houston.com\/es\/wp-json\/wp\/v2\/pages\/2201\/revisions\/2634"}],"wp:attachment":[{"href":"https:\/\/abogados-houston.com\/es\/wp-json\/wp\/v2\/media?parent=2201"}],"curies":[{"name":"wp","href":"https:\/\/api.w.org\/{rel}","templated":true}]}}